{"id":402,"date":"2024-07-17T15:56:09","date_gmt":"2024-07-17T13:56:09","guid":{"rendered":"https:\/\/www.casarufo.com\/politica-privacidad\/"},"modified":"2025-05-01T17:31:44","modified_gmt":"2025-05-01T15:31:44","slug":"politica-privacidad","status":"publish","type":"page","link":"https:\/\/www.casarufo.com\/en\/politica-privacidad\/","title":{"rendered":"Privacy Policy"},"content":{"rendered":"<div class=\"wpb-content-wrapper\"><p>[vc_row css=&#8221;.vc_custom_1721224436378{margin-top: 150px !important;padding-top: 30px !important;background-color: #1c2623 !important;}&#8221; el_class=&#8221;cab_menus legales&#8221;][vc_column][vc_column_text]<\/p>\n<h1>PRIVACY POLICY<\/h1>\n<p>[\/vc_column_text][vc_column_text]<strong>Advertencia menor de edad<\/strong><\/p>\n<p>Los mayores de trece a\u00f1os podr\u00e1n registrarse o enviar solicitudes de informaci\u00f3n en casarufo.com como usuarios sin el previo consentimiento de sus padres o tutores.<\/p>\n<p>Los menores de trece a\u00f1os necesitan el consentimiento de sus padres o tutores para el tratamiento de sus datos personales.<\/p>\n<p>En ning\u00fan caso se recabar\u00e1n del menor de edad datos relativos a la situaci\u00f3n profesional, econ\u00f3mica o a la intimidad de los otros miembros de la familia, sin el previo consentimiento de \u00e9stos.<\/p>\n<p>Si eres menor de trece a\u00f1os y has accedido a esta web sin avisar a tus padres no debes registrarte como usuario ni enviar solicitudes de informaci\u00f3n.<\/p>\n<p><strong>Respetamos la privacidad y los derechos<\/strong><\/p>\n<p>En esta web se respetan los datos personales de los usuarios. Como usuario debes saber que tus derechos est\u00e1n garantizados, es por eso que:<\/p>\n<p>No solicitamos informaci\u00f3n personal a menos que realmente sea necesaria para prestar los servicios que requieras.<\/p>\n<p>No compartimos informaci\u00f3n personal de nuestros usuarios excepto para cumplir con la ley o en caso tengamos autorizaci\u00f3n expresa.<\/p>\n<p>No utilizamos tus datos personales con una finalidad diferente a la expresada en esta pol\u00edtica de privacidad.<\/p>\n<p>Es preciso advertir que la Pol\u00edtica de Privacidad podr\u00eda variar en funci\u00f3n de exigencias legislativas o de autorregulaci\u00f3n, por lo que aconsejamos que la visiten peri\u00f3dicamente.<\/p>\n<p>Ser\u00e1 aplicable en caso de que los usuarios decidan rellenar alg\u00fan formulario de cualquiera de sus formularios de contacto donde se recaben datos de car\u00e1cter personal.<\/p>\n<p><strong>Casa Rufo ha adecuado esta web a las exigencias de la RDGP<\/strong><\/p>\n<p>Responsable del tratamiento de tus datos personales<\/p>\n<p><strong>Nombre Social:\u00a0Casa Rufo<\/strong><\/p>\n<p><strong>Nombre comercial:<\/strong>\u00a0 <strong>Jose Luis Perez Landeta<\/strong><\/p>\n<p><strong>NIF\/CIF:<\/strong> 14882546M<\/p>\n<p><strong>Direcci\u00f3n:<\/strong> <strong>Hurtado Amnezaga 5 48008, BILBAO.<\/strong><\/p>\n<p><strong>Correo electr\u00f3nico:\u00a0<\/strong> <strong>casarufo@casarufo.com<\/strong><\/p>\n<p>A efectos de lo previsto en el Reglamento General de Protecci\u00f3n de Datos antes citado, los datos personales enviados a trav\u00e9s de los formularios de la web, recibir\u00e1n el tratamiento de datos de \u201cUsuarios de la web y suscriptores\u201d.<\/p>\n<p>Para el tratamiento de datos los usuarios se implementan todas las medidas t\u00e9cnicas y organizativas de seguridad establecidas en la legislaci\u00f3n vigente.<\/p>\n<p><strong>Principios que se aplican de la informaci\u00f3n personal<\/strong><\/p>\n<p>En el tratamiento de los datos personales se aplicar\u00e1n los siguientes principios que se ajustan a las exigencias del nuevo reglamento europeo de protecci\u00f3n de datos:<\/p>\n<p><strong>Principio de licitud, lealtad y transparencia:<\/strong>\u00a0Se requerir\u00e1 el consentimiento para el tratamiento de datos personales para uno o varios fines espec\u00edficos que se informar\u00e1 previamente con absoluta transparencia.<\/p>\n<p><strong>Principio de minimizaci\u00f3n de datos:<\/strong>\u00a0Se solicitar\u00e1n s\u00f3lo datos estrictamente necesarios en relaci\u00f3n con los fines para los que los que se requieren.<\/p>\n<p><strong>Principio de limitaci\u00f3n del plazo de conservaci\u00f3n:<\/strong>\u00a0los datos ser\u00e1n mantenidos durante no m\u00e1s tiempo del necesario para los fines del tratamiento, en funci\u00f3n a la finalidad.<\/p>\n<p><strong>Principio de integridad y confidencialidad:<\/strong>\u00a0Los datos ser\u00e1n tratados de tal manera que se garantice una seguridad adecuada de los datos personales y se garantice confidencialidad.<\/p>\n<p><strong>C\u00f3mo obtenemos los datos personales en esta web<\/strong><\/p>\n<p>Los datos personales que tratamos en <strong>Casa Rufo<\/strong> proceden de:<\/p>\n<p>Formulario de reservas<\/p>\n<p><strong>Derechos al facilitar datos<\/strong><\/p>\n<p>Cualquier persona tiene derecho a obtener confirmaci\u00f3n sobre si en <strong>Casa Rufo<\/strong> tratamos datos personales que le conciernen, o no.<\/p>\n<p>Tienen derecho a:<\/p>\n<p>Solicitar el acceso a los datos personales relativos al interesado<\/p>\n<p>Solicitar su rectificaci\u00f3n o supresi\u00f3n<\/p>\n<p>Solicitar la limitaci\u00f3n de su tratamiento<\/p>\n<p>Oponerse al tratamiento<\/p>\n<p><strong>Solicitar la portabilidad de los datos<\/strong><\/p>\n<p>Los interesados podr\u00e1n\u00a0<strong>acceder<\/strong>\u00a0a sus datos personales, as\u00ed como a solicitar la\u00a0<strong>rectificaci\u00f3n<\/strong>\u00a0de los datos inexactos o, en su caso, solicitar su\u00a0<strong>supresi\u00f3n<\/strong>\u00a0cuando, entre otros motivos, los datos ya no sean necesarios para los fines que fueron recogidos.<\/p>\n<p>En determinadas circunstancias, los interesados podr\u00e1n solicitar la\u00a0<strong>limitaci\u00f3n<\/strong>\u00a0del tratamiento de sus datos, en cuyo caso \u00fanicamente se conservar\u00e1n para el ejercicio o la defensa de reclamaciones.<\/p>\n<p>En determinadas circunstancias y por motivos relacionados con su situaci\u00f3n particular, los interesados podr\u00e1n\u00a0<strong>oponerse<\/strong>\u00a0al tratamiento de sus datos <strong>Casa Rufo<\/strong> dejar\u00e1 de tratar los datos, salvo por motivos leg\u00edtimos imperiosos, o el ejercicio o la defensa de posibles reclamaciones. Tambi\u00e9n es posible solicitar la\u00a0<strong>portabilidad<\/strong>\u00a0de sus datos.<\/p>\n<p>Los interesados tambi\u00e9n tendr\u00e1n derecho a la tutela judicial efectiva y a presentar una reclamaci\u00f3n ante la autoridad de control, en este caso, la Agencia Espa\u00f1ola de Protecci\u00f3n de Datos, si consideran que el tratamiento de datos personales que le conciernen infringe el Reglamento.<\/p>\n<p><strong>\u00a0Finalidad con la que se tratan datos personales<\/strong><\/p>\n<p>Al comentar un post o mandar un correo al titular se facilita informaci\u00f3n de car\u00e1cter personal de la que es responsable <strong>Casa Rufo<\/strong>. Esa informaci\u00f3n puede incluir datos de car\u00e1cter personal como pueden ser La direcci\u00f3n IP, nombre, direcci\u00f3n f\u00edsica, direcci\u00f3n de correo electr\u00f3nico, n\u00famero de tel\u00e9fono, y otra informaci\u00f3n. Al facilitar esta informaci\u00f3n, el usuario da su consentimiento para que su informaci\u00f3n sea recopilada, utilizada, gestionada y almacenada por casarufo.com.com, s\u00f3lo como se describe en el Aviso Legal y en la presente\u00a0<strong>Pol\u00edtica de Privacidad<\/strong>.<\/p>\n<p>En <strong>Casa Rufo<\/strong> se puede captar informaci\u00f3n personal por varios medios (formularios) y se hace con el siguiente fin:<\/p>\n<p><strong>1.- Formulario de contacto:<\/strong> Se solicitan los siguientes datos personales: nombre, email, tel\u00e9fono y mensaje. Para responder a los requerimientos de los usuarios de casarufo.com.com, como por ejemplo, responder a la solicitud de informaci\u00f3n y dar respuesta a las dudas, quejas o comentarios relativas a la informaci\u00f3n incluida en la web, los servicios que se prestan a trav\u00e9s de la web, el tratamiento de sus datos personales, cuestiones referentes a los textos legales incluidos en la web, as\u00ed como cualesquiera otras consultas que pueda tener y que no est\u00e9n sujetas a las condiciones de contrataci\u00f3n. Informamos que los datos facilitados estar\u00e1n ubicados en los servidores de RAIOLA proveedor de hosting de <strong>Casa Rufo<\/strong> dentro de la UE.<\/p>\n<p><strong>2.- Formulario de alta para comentarios del blog:\u00a0<\/strong>Para comentar las publicaciones de casarufo.com.com se requiere que el usuario se d\u00e9 de alta a trav\u00e9s de este formulario. En este caso, se solicitan los siguientes datos personales: nombre, email, mensaje y la web aunque no es un campo obligatorio. Una vez dado de alta, el usuario podr\u00e1 realizar tantos comentarios como desee y dar respuesta sobre los anteriores. Informamos que los datos que facilitados estar\u00e1n ubicados en los en los servidores de <strong>Casa Rufo<\/strong> proveedor de hosting de <strong>Casa Rufo<\/strong> dentro de la UE.<\/p>\n<p><strong>Existen otras finalidades por la que se tratan datos personales:<\/strong><\/p>\n<p>Para garantizar el cumplimiento de las condiciones de uso y la ley aplicable. Esto puede incluir el desarrollo de herramientas y algoritmos que ayudan a esta web a garantizar la confidencialidad de los datos personales que recoge.<\/p>\n<p>Para apoyar y mejorar los servicios que ofrece esta web.<\/p>\n<p>Tambi\u00e9n se recogen otros datos no identificativos que se obtienen mediante algunas cookies que se descargan en el ordenador del usuario cuando navega en esta web que detallo en la\u00a0pol\u00edtica de cookies.<\/p>\n<p>Para gestionar las redes sociales. <strong>Casa Rufo<\/strong> puede tener presencia en redes sociales. El tratamiento de los datos que se lleve a cabo de las personas que se hagan seguidoras en las redes sociales de las p\u00e1ginas oficiales de <strong>Casa Rufo<\/strong> se regir\u00e1 por este apartado. As\u00ed como por aquellas condiciones de uso, pol\u00edticas de privacidad y normativas de acceso que pertenezcan a la red social que proceda en cada caso y aceptadas previamente por el usuario de casarufo.com.com. Tratar\u00e1 sus datos con las finalidades de administrar correctamente su presencia en la red social, informando de actividades, productos o servicios de casarufo.com.com. As\u00ed como para cualquier otra finalidad que las normativas de las redes sociales permitan. En ning\u00fan caso se utilizar\u00e1n los perfiles de seguidores en redes sociales para enviar publicidad de manera individual.<\/p>\n<p>De acuerdo a lo establecido en el reglamento general de protecci\u00f3n de datos europeo (RGPD) 2016\/679,\u00a0 <strong>Casa Rufo<\/strong> con domicilio social en <strong>Hurtado Amnezaga 5 48008, BILBAO. <\/strong>y CIF: <strong>14882546M <\/strong>ser\u00e1 responsable del tratamiento de los datos correspondientes a Usuarios de la web y suscriptores.<\/p>\n<p><strong>Casa Rufo<\/strong>, no vende, alquila ni cede datos de car\u00e1cter personal que puedan identificar al usuario, ni lo har\u00e1 en el futuro, a terceros sin el consentimiento previo. Sin embargo, en algunos casos se pueden realizar colaboraciones con otros profesionales, en esos casos, se requerir\u00e1 consentimiento a los usuarios informando sobre la identidad del colaborador y la finalidad de la colaboraci\u00f3n. Siempre se realizar\u00e1 con los m\u00e1s estrictos est\u00e1ndares de seguridad.<\/p>\n<p><strong>\u00a0Legitimaci\u00f3n para el tratamiento de tus datos<\/strong><\/p>\n<p>La base legal para el tratamiento de sus datos es:\u00a0<strong>el consentimiento.<\/strong><\/p>\n<p>Para contactar o realizar comentarios en esta web se requiere el consentimiento con esta pol\u00edtica de privacidad.<\/p>\n<p>La oferta prospectiva o comercial de productos y servicios est\u00e1 basada en el consentimiento que se le solicita, sin que en ning\u00fan caso la retirada de este consentimiento condicione la ejecuci\u00f3n del contrato de suscripci\u00f3n.<\/p>\n<p><strong>\u00a0Tiempo que se conservan los datos<\/strong><\/p>\n<p>Los datos personales se conservar\u00e1n siguiendo el siguiente criterio:<\/p>\n<p>Hasta que no se solicite su supresi\u00f3n por el interesado<\/p>\n<p><strong>\u00a0Destinatarios a los que se comunicar\u00e1n los datos<\/strong><\/p>\n<p>Muchas herramientas que utilizo para gestionar tus datos son contratados por terceros.<\/p>\n<p>Para prestar servicios estrictamente necesarios para el desarrollo de la actividad, casarufo.com.com, comparte datos con los siguientes prestadores bajo sus correspondientes condiciones de privacidad.<\/p>\n<p>Los datos se comunicar\u00e1n a las siguientes empresas para prestar servicios estrictamente necesarios para el desarrollo de su actividad, casarufo.com.com, comparte datos con los siguientes prestadores bajo sus correspondientes condiciones de privacidad.<\/p>\n<p><strong>Hosting:<\/strong> Raiola Networks<\/p>\n<p><strong>Raiola<\/strong> trata los datos con la finalidad de realizar sus servicios de hosting a <strong>Casa Rufo<\/strong>.<\/p>\n<p><strong>Google Analytics<\/strong>: un servicio anal\u00edtico de web prestado por Google, Inc., una compa\u00f1\u00eda de Delaware cuya oficina principal est\u00e1 en 1600 Amphitheatre Parkway, Mountain View (California), CA 94043, Estados Unidos (\u201cGoogle\u201d). Google Analytics utiliza \u201ccookies\u201d, que son archivos de texto ubicados en tu ordenador, para ayudar a\u00a0 casarufo.com.com a analizar el uso que hacen los usuarios del sitio web. La informaci\u00f3n que genera la cookie acerca de su uso de casarufo.com.com (incluyendo tu direcci\u00f3n IP) ser\u00e1 directamente transmitida y archivada por Google en los servidores de Estados Unidos.<\/p>\n<p><strong>\u00a0Navegaci\u00f3n<\/strong><\/p>\n<p>Al navegar por casarufo.com se pueden recoger datos no identificables, que pueden incluir, direcciones IP, ubicaci\u00f3n geogr\u00e1fica (aproximadamente), un registro de c\u00f3mo se utilizan los servicios y sitios, y otros datos que no pueden ser utilizados para identificar al usuario. Entre los datos no identificativos est\u00e1n tambi\u00e9n los relacionados a h\u00e1bitos de navegaci\u00f3n a trav\u00e9s de servicios de terceros. Esta web utiliza los como servicio de an\u00e1lisis de terceros: a Google Analytics.<\/p>\n<p>Se utiliza esta informaci\u00f3n para analizar tendencias, administrar el sitio, rastrear los movimientos de los usuarios alrededor del sitio y para recopilar informaci\u00f3n demogr\u00e1fica sobre nuestra base de usuarios en su conjunto.<\/p>\n<p><strong>\u00a0Secreto y seguridad de los datos<\/strong><\/p>\n<p>Casa Rufo se compromete en el uso y tratamiento de los datos incluidos personales de los usuarios, \u00a0respetando su confidencialidad y a utilizarlos de acuerdo con la finalidad del mismo, as\u00ed como a dar cumplimiento a su obligaci\u00f3n de guardarlos y adaptar todas las medidas para evitar la alteraci\u00f3n, p\u00e9rdida, tratamiento o acceso no autorizado (Como los protocolos Https utilizados), de conformidad con lo establecido en la normativa vigente de protecci\u00f3n de datos.<\/p>\n<p>casarufo.com no puede garantizar la absoluta inexpugnabilidad de la red Internet y por tanto la violaci\u00f3n de los datos mediante accesos fraudulentos a ellos por parte de terceros.<\/p>\n<p><strong>\u00a0Exactitud y veracidad de los datos<\/strong><\/p>\n<p>El usuario es el \u00fanico responsable de la veracidad y correcci\u00f3n de los datos remitidos a casarufo.com\u00a0exonerando a <strong>Casa Rufo<\/strong> de cualquier responsabilidad al respecto. Los usuarios garantizan y responden, en cualquier caso, de la exactitud, vigencia y autenticidad de los datos personales facilitados, y se comprometen a mantenerlos debidamente actualizados. El usuario acepta proporcionar informaci\u00f3n completa y correcta en el formulario de contacto o suscripci\u00f3n.<\/p>\n<p><strong>\u00a0Aceptaci\u00f3n y consentimiento<\/strong><\/p>\n<p>El usuario declara haber sido informado de las condiciones sobre protecci\u00f3n de datos de car\u00e1cter personal, aceptando y consintiendo el tratamiento de los mismos por parte de <strong>Casa Rufo<\/strong> en la forma y para las finalidades indicadas en esta pol\u00edtica de privacidad<\/p>\n<p><strong>\u00a0Cambios en la pol\u00edtica de privacidad<\/strong><\/p>\n<p><strong>Casa Rufo<\/strong> se reserva el derecho a modificar la presente pol\u00edtica para adaptarla a novedades legislativas o jurisprudenciales, as\u00ed como a pr\u00e1cticas de la industria. En dichos supuestos, el Prestador anunciar\u00e1 en esta p\u00e1gina los cambios introducidos con razonable antelaci\u00f3n a su puesta en pr\u00e1ctica.<\/p>\n<p><strong>\u00a0Correos comerciales<\/strong><\/p>\n<p>De acuerdo con la LSSICE, casarufo.com no realiza pr\u00e1cticas de SPAM, por lo que no env\u00eda correos comerciales por v\u00eda electr\u00f3nica que no hayan sido previamente solicitados o autorizados por el usuario. En consecuencia, en cada uno de los formularios habidos en la web, el usuario tiene la posibilidad de dar su consentimiento expreso para recibir el bolet\u00edn, con independencia de la informaci\u00f3n comercial puntualmente solicitada.<\/p>\n<p>Conforme a lo dispuesto en la Ley 34\/2002 de Servicios de la Sociedad de la Informaci\u00f3n y de comercio electr\u00f3nico, casarufo.com se compromete a no enviar comunicaciones de car\u00e1cter comercial sin identificarlas debidamente.<\/p>\n<p><strong>\u00a0Dudas o consultas sobre esta pol\u00edtica o sus derechos<\/strong><\/p>\n<p>Para cualquier pregunta o comentario sobre esta pol\u00edtica, o para resolver cualquier duda sobre la forma en la que se ha podido gestionar alguna informaci\u00f3n personal proporcionada, contacte por email a: casarufo@casarufo.com[\/vc_column_text][\/vc_column][\/vc_row]<\/p>\n<\/div>","protected":false},"excerpt":{"rendered":"<p>[vc_row css=&#8221;.vc_custom_1721224436378{margin-top: 150px !important;padding-top: 30px !important;background-color: #1c2623 !important;}&#8221; el_class=&#8221;cab_menus legales&#8221;][vc_column][vc_column_text] PRIVACY POLICY [\/vc_column_text][vc_column_text]Advertencia menor de edad Los mayores de trece a\u00f1os podr\u00e1n registrarse o enviar solicitudes de informaci\u00f3n en casarufo.com como usuarios sin el previo consentimiento de sus padres o tutores. Los menores de trece a\u00f1os necesitan el consentimiento de sus padres o tutores para [&hellip;]<\/p>\n","protected":false},"author":1,"featured_media":0,"parent":0,"menu_order":0,"comment_status":"closed","ping_status":"closed","template":"","meta":{"footnotes":""},"class_list":["post-402","page","type-page","status-publish","hentry"],"acf":[],"_links":{"self":[{"href":"https:\/\/www.casarufo.com\/en\/wp-json\/wp\/v2\/pages\/402","targetHints":{"allow":["GET"]}}],"collection":[{"href":"https:\/\/www.casarufo.com\/en\/wp-json\/wp\/v2\/pages"}],"about":[{"href":"https:\/\/www.casarufo.com\/en\/wp-json\/wp\/v2\/types\/page"}],"author":[{"embeddable":true,"href":"https:\/\/www.casarufo.com\/en\/wp-json\/wp\/v2\/users\/1"}],"replies":[{"embeddable":true,"href":"https:\/\/www.casarufo.com\/en\/wp-json\/wp\/v2\/comments?post=402"}],"version-history":[{"count":4,"href":"https:\/\/www.casarufo.com\/en\/wp-json\/wp\/v2\/pages\/402\/revisions"}],"predecessor-version":[{"id":925,"href":"https:\/\/www.casarufo.com\/en\/wp-json\/wp\/v2\/pages\/402\/revisions\/925"}],"wp:attachment":[{"href":"https:\/\/www.casarufo.com\/en\/wp-json\/wp\/v2\/media?parent=402"}],"curies":[{"name":"wp","href":"https:\/\/api.w.org\/{rel}","templated":true}]}}