{"id":400,"date":"2024-07-17T15:56:37","date_gmt":"2024-07-17T13:56:37","guid":{"rendered":"https:\/\/www.casarufo.com\/politica-cookies\/"},"modified":"2025-05-01T18:05:47","modified_gmt":"2025-05-01T16:05:47","slug":"politica-cookies","status":"publish","type":"page","link":"https:\/\/www.casarufo.com\/en\/politica-cookies\/","title":{"rendered":"Cookies Policy"},"content":{"rendered":"<div class=\"wpb-content-wrapper\"><p>[vc_row css=&#8221;.vc_custom_1721224436378{margin-top: 150px !important;padding-top: 30px !important;background-color: #1c2623 !important;}&#8221; el_class=&#8221;cab_menus legales&#8221;][vc_column][vc_column_text]<\/p>\n<h1>COOKIES POLICY<\/h1>\n<p>[\/vc_column_text][vc_column_text]<strong>Cookies propias<\/strong><\/p>\n<p><strong>Personalizaci\u00f3n:<\/strong>\u00a0Las cookies me ayudan a recordar con qu\u00e9 personas o sitios web has interactuado, para que pueda mostrarte contenido relacionado.<\/p>\n<p><strong>Preferencias:<\/strong>\u00a0Las cookies me permiten recordar tus ajustes y preferencias, como el idioma preferido y tu configuraci\u00f3n de privacidad.<\/p>\n<p><strong>Seguridad:\u00a0<\/strong>Utilizo cookies para evitarte riesgos de seguridad. Principalmente para detectar cu\u00e1ndo alguien est\u00e1 intentando piratear casarufo.com<\/p>\n<p><strong>Cookies de terceros<\/strong><\/p>\n<p>Esta web utiliza los siguientes servicios de an\u00e1lisis:<\/p>\n<p><strong>Google Analytics<\/strong>\u00a0para ayudar al website a analizar el uso que hacen los usuarios del sitio web y mejorar la usabilidad del mismo, pero en ning\u00fan caso se asocian a datos que pudieran llegar a identificar al usuario. Google Analytics, es un servicio anal\u00edtico de web prestado por Google, Inc., El usuario puede consultar\u00a0<u><a href=\"https:\/\/www.google.es\/intl\/es\/policies\/technologies\/types\/\">aqu\u00ed<\/a><\/u>\u00a0el tipo de cookies utilizadas por Google.<\/p>\n<p>Casa Rufo es usuario de la plataforma de suministro y alojamiento de blogs\u00a0<strong>WordPress<\/strong>, propiedad de la empresa norteamericana Automattic, Inc. A tales efectos, los usos de tales cookies por los sistemas nunca est\u00e1n bajo control o gesti\u00f3n del responsable de la web, pueden cambiar su funci\u00f3n en cualquier momento, y entrar cookies nuevas. Estas cookies tampoco reportan al responsable de esta web beneficio alguno. Automattic, Inc., utiliza adem\u00e1s otras cookies con la finalidad de ayudar a identificar y rastrear a los visitantes de los sitios de\u00a0<strong>WordPress<\/strong>, conocer el uso que hacen del sitio web de Automattic, as\u00ed como sus preferencias de acceso al mismo, tal y como se recoge en el apartado \u201cCookies\u201d de su\u00a0pol\u00edtica de privacidad.<\/p>\n<p>Casa Rufo gestiona campa\u00f1as de publicidad mediante la herramienta\u00a0<strong>DoubleClick<\/strong>\u00a0que me permite recopilar toda la informaci\u00f3n sobre la audiencia de manera centralizada. DoubleClick usa las cookies para mejorar la publicidad. Las cookies suelen usarse com\u00fanmente para orientar anuncios basados en contenido relevante para un usuario, mejorar los informes de rendimiento de la campa\u00f1a y evitar mostrar anuncios que el usuario ya haya visto.<\/p>\n<p><strong>DoubleClick\u00a0<\/strong>usa ID de cookies para tener un registro de qu\u00e9 anuncios se han mostrado en determinados navegadores. En el momento de publicar un anuncio en un navegador, puede usar el ID de cookie de dicho navegador para comprobar qu\u00e9 anuncios ya se han mostrado en ese navegador en concreto. As\u00ed es como se evita mostrar anuncios que el usuario ya ha visto. Del mismo modo, los ID de cookies permiten a DoubleClick registrar las conversiones relativas a las solicitudes de anuncios, como cuando un usuario ve un anuncio de DoubleClick y, m\u00e1s adelante, usa el mismo navegador para visitar el sitio web del anunciante y realizar una compra.]<\/p>\n<p>Como usuario de Internet, en cualquier momento podr\u00e1s proceder al borrado de la informaci\u00f3n referente a tus h\u00e1bitos de navegaci\u00f3n, y el perfil relacionado que ha generado los referidos h\u00e1bitos, accediendo de forma directa y gratuita a:<u><a href=\"https:\/\/www.google.com\/settings\/ads\/preferences?hl=es\">\u00a0https:\/\/www.google.com\/settings\/ads\/preferences?hl=es<\/a><\/u>. Si un usuario inhabilita esta funci\u00f3n, el ID de cookie \u00fanico de DoubleClick en el navegador del usuario se sobrescribe con la fase \u201cOPT_OUT\u201d. Debido a que ya no existe un ID de cookie \u00fanico, la cookie inhabilitada no se puede asociar con un determinado navegador.<\/p>\n<p><strong>Las cookies de redes sociales<\/strong>\u00a0pueden almacenarse en su navegador mientras navega por casarufo.com por ejemplo, cuando utiliza el bot\u00f3n de compartir contenidos de casarufo.com\u00a0en alguna red social.<\/p>\n<p>A continuaci\u00f3n tienes informaci\u00f3n sobre las cookies de las redes sociales que utiliza esta web en sus propias pol\u00edticas de cookies:<\/p>\n<p>Cookies de\u00a0<strong>Facebook<\/strong>, ver m\u00e1s informaci\u00f3n en su\u00a0<u><a href=\"https:\/\/www.facebook.com\/policies\/cookies\/\">pol\u00edtica de cookies<\/a><\/u><\/p>\n<p>Cookies de\u00a0<strong>Twitter<\/strong>, ver m\u00e1s informaci\u00f3n en su\u00a0<u><a href=\"https:\/\/twitter.com\/privacy\">pol\u00edtica de cookies<\/a><\/u><\/p>\n<p>Cookies de\u00a0<strong>Pinterest<\/strong>, ver m\u00e1s informaci\u00f3n en su\u00a0<u><a href=\"https:\/\/policy.pinterest.com\/es\/cookies\">pol\u00edtica de cookies<\/a><\/u><\/p>\n<p>Cookies de\u00a0<strong>Linkedin<\/strong>, ver m\u00e1s informaci\u00f3n en su\u00a0<u><a href=\"https:\/\/www.linkedin.com\/legal\/cookie-policy?trk=hp-cookies\">pol\u00edtica de cookies<\/a><\/u><\/p>\n<p>Cookies de\u00a0<strong>Google plus<\/strong>, ver m\u00e1s informaci\u00f3n en su\u00a0<u><a href=\"http:\/\/www.google.com\/intl\/es\/policies\/technologies\/types\/\">pol\u00edtica de cookies<\/a><\/u><\/p>\n<p>Cookies de\u00a0<strong>Youtube<\/strong>, ver m\u00e1s informaci\u00f3n en su\u00a0<u><a href=\"http:\/\/www.google.com\/intl\/es\/policies\/technologies\/types\/\">pol\u00edtica de cookies<\/a><\/u><\/p>\n<p>Cookies de\u00a0<strong>Instagram,\u00a0<\/strong>ver m\u00e1s informaci\u00f3n en su\u00a0<u><a href=\"https:\/\/www.facebook.com\/policies\/cookies\/\">pol\u00edtica de cookies\u00a0<\/a>\u00a0<\/u><\/p>\n<p>Cookies de\u00a0<strong>Flickr<\/strong>\u00a0(Yahoo), ver m\u00e1s informaci\u00f3n en su\u00a0<u><a href=\"https:\/\/policies.yahoo.com\/ie\/es\/yahoo\/privacy\/topics\/cookies\/index.htm\">pol\u00edtica de cookies<\/a><\/u>[\/vc_column_text][\/vc_column][\/vc_row]<\/p>\n<\/div>","protected":false},"excerpt":{"rendered":"<p>[vc_row css=&#8221;.vc_custom_1721224436378{margin-top: 150px !important;padding-top: 30px !important;background-color: #1c2623 !important;}&#8221; el_class=&#8221;cab_menus legales&#8221;][vc_column][vc_column_text] COOKIES POLICY [\/vc_column_text][vc_column_text]Cookies propias Personalizaci\u00f3n:\u00a0Las cookies me ayudan a recordar con qu\u00e9 personas o sitios web has interactuado, para que pueda mostrarte contenido relacionado. Preferencias:\u00a0Las cookies me permiten recordar tus ajustes y preferencias, como el idioma preferido y tu configuraci\u00f3n de privacidad. Seguridad:\u00a0Utilizo cookies para [&hellip;]<\/p>\n","protected":false},"author":1,"featured_media":0,"parent":0,"menu_order":0,"comment_status":"closed","ping_status":"closed","template":"","meta":{"footnotes":""},"class_list":["post-400","page","type-page","status-publish","hentry"],"acf":[],"_links":{"self":[{"href":"https:\/\/www.casarufo.com\/en\/wp-json\/wp\/v2\/pages\/400","targetHints":{"allow":["GET"]}}],"collection":[{"href":"https:\/\/www.casarufo.com\/en\/wp-json\/wp\/v2\/pages"}],"about":[{"href":"https:\/\/www.casarufo.com\/en\/wp-json\/wp\/v2\/types\/page"}],"author":[{"embeddable":true,"href":"https:\/\/www.casarufo.com\/en\/wp-json\/wp\/v2\/users\/1"}],"replies":[{"embeddable":true,"href":"https:\/\/www.casarufo.com\/en\/wp-json\/wp\/v2\/comments?post=400"}],"version-history":[{"count":3,"href":"https:\/\/www.casarufo.com\/en\/wp-json\/wp\/v2\/pages\/400\/revisions"}],"predecessor-version":[{"id":944,"href":"https:\/\/www.casarufo.com\/en\/wp-json\/wp\/v2\/pages\/400\/revisions\/944"}],"wp:attachment":[{"href":"https:\/\/www.casarufo.com\/en\/wp-json\/wp\/v2\/media?parent=400"}],"curies":[{"name":"wp","href":"https:\/\/api.w.org\/{rel}","templated":true}]}}