{"id":398,"date":"2024-07-16T13:16:10","date_gmt":"2024-07-16T11:16:10","guid":{"rendered":"https:\/\/www.casarufo.com\/nosotros\/"},"modified":"2024-09-27T10:35:45","modified_gmt":"2024-09-27T08:35:45","slug":"about_us","status":"publish","type":"page","link":"https:\/\/www.casarufo.com\/en\/about_us\/","title":{"rendered":"ABOUT US"},"content":{"rendered":"<div class=\"wpb-content-wrapper\"><p>[vc_row el_class=&#8221;nosotros_1&#8243;][vc_column][vc_row_inner][vc_column_inner width=&#8221;1\/3&#8243;][vc_column_text]<\/p>\n<h1>OUR STORY<\/h1>\n<h2>Jose Lu\u00eds<\/h2>\n<p>[\/vc_column_text][\/vc_column_inner][vc_column_inner width=&#8221;1\/3&#8243;][\/vc_column_inner][vc_column_inner width=&#8221;1\/3&#8243;][\/vc_column_inner][\/vc_row_inner][vc_row_inner el_class=&#8221;nosotros_1_fotos&#8221;][vc_column_inner el_class=&#8221;nosotros_1_col1&#8243; width=&#8221;1\/3&#8243;][vc_single_image image=&#8221;107&#8243; img_size=&#8221;large&#8221; alignment=&#8221;right&#8221;][\/vc_column_inner][vc_column_inner el_class=&#8221;nosotros_1_col2&#8243; width=&#8221;1\/3&#8243;][vc_single_image image=&#8221;108&#8243; img_size=&#8221;large&#8221;][\/vc_column_inner][vc_column_inner el_class=&#8221;nosotros_1_col3&#8243; width=&#8221;1\/3&#8243;][vc_single_image image=&#8221;109&#8243; img_size=&#8221;large&#8221;][\/vc_column_inner][\/vc_row_inner][vc_row_inner][vc_column_inner width=&#8221;1\/3&#8243;][vc_column_text]Jose Luis P\u00e9rez Landeta has been at the helm of one of the most iconic restaurants in Bilbao for almost three decades.<\/p>\n<p>Casa Rufo is the story of several generations united by a love for fine cuisine and a commitment to quality.[\/vc_column_text][\/vc_column_inner][vc_column_inner width=&#8221;1\/3&#8243;][vc_column_text]En el a\u00f1o 55, Don Rufino, un hombre querido por todos cuanto le conoc\u00ed\u00adan, pone su propio nombre al negocio, que se traslada por la demolici\u00f3n del edificio del Banco de Vizcaya a la ubicaci\u00f3n actual, en el n\u00famero 5 de Hurtado Amezaga.<\/p>\n<p>Jose Luis, al frente de Casa Rufo, es uno de esos profesionales que, con su buen hacer y su trabajo diario, hace posible que la gente llegada de todo el mundo diga eso de: Como se come de bien en Bilbao.[\/vc_column_text][\/vc_column_inner][vc_column_inner width=&#8221;1\/3&#8243;][\/vc_column_inner][\/vc_row_inner][vc_row_inner el_class=&#8221;fila_verde&#8221;][vc_column_inner][\/vc_column_inner][\/vc_row_inner][\/vc_column][\/vc_row][vc_row el_class=&#8221;nosotros_2&#8243; el_id=&#8221;latienda&#8221;][vc_column][vc_column_text]<\/p>\n<h2>THE SHOP <strong>Our shop<\/strong><\/h2>\n<p>[\/vc_column_text][vc_row_inner][vc_column_inner width=&#8221;1\/3&#8243;][vc_single_image image=&#8221;110&#8243; img_size=&#8221;large&#8221;][\/vc_column_inner][vc_column_inner width=&#8221;1\/3&#8243;][vc_single_image image=&#8221;111&#8243; img_size=&#8221;large&#8221;][\/vc_column_inner][vc_column_inner width=&#8221;1\/3&#8243;][vc_single_image image=&#8221;112&#8243; img_size=&#8221;large&#8221;][\/vc_column_inner][\/vc_row_inner][vc_row_inner equal_height=&#8221;yes&#8221; el_class=&#8221;nosotros_2_imagenaza&#8221;][vc_column_inner el_class=&#8221;nuestra_tienda_imagen&#8221; width=&#8221;2\/3&#8243; css=&#8221;.vc_custom_1721225980664{background-image: url(https:\/\/www.casarufo.com\/wp-content\/uploads\/2024\/07\/tienda_4.jpg?id=113) !important;background-position: center !important;background-repeat: no-repeat !important;background-size: cover !important;}&#8221;][\/vc_column_inner][vc_column_inner el_class=&#8221;txt&#8221; width=&#8221;1\/3&#8243;][vc_column_text]Casa Rufo started out as a small deli, where gatherings with food and snacks were hosted in the back room. Players from Athletic Club and friends from near and far would come together, all organized by the charismatic Rufo. Today, his son Jose Luis continues the tradition, maintaining a delicatessen at the entrance stocked with a wide variety of carefully selected, high-quality products.[\/vc_column_text][vc_single_image image=&#8221;114&#8243; img_size=&#8221;large&#8221;][\/vc_column_inner][\/vc_row_inner][\/vc_column][\/vc_row][vc_row el_class=&#8221;nosotros_3&#8243;][vc_column][vc_row_inner content_placement=&#8221;bottom&#8221; el_class=&#8221;restaurante_autentico&#8221;][vc_column_inner width=&#8221;1\/3&#8243;][\/vc_column_inner][vc_column_inner width=&#8221;1\/3&#8243;][vc_column_text]<\/p>\n<h2>AUTHENTIC <strong>Restaurant<\/strong><\/h2>\n<p>[\/vc_column_text][\/vc_column_inner][vc_column_inner width=&#8221;1\/3&#8243;][vc_column_text]Casa Rufo is a genuinely authentic place. Since 1995, it\u2019s been a Bilbao classic, offering a unique atmosphere that you feel the moment you step into the deli, which today also serves as a dining spot. Founded in 1955, the shop later inspired the creation of a restaurant.<\/p>\n<p>The wine cellar boasts an extensive selection of wines from various regions and countries, along with an excellent collection of top-quality brandies.<br \/>\nSimplicity, expertise, and the finest ingredients make Casa Rufo a true benchmark for traditional Basque cuisine in the city.[\/vc_column_text][\/vc_column_inner][\/vc_row_inner][vc_row_inner el_class=&#8221;fila_verde_right&#8221;][vc_column_inner][\/vc_column_inner][\/vc_row_inner][\/vc_column][\/vc_row][vc_row full_width=&#8221;stretch_row_content_no_spaces&#8221; el_class=&#8221;nosotros_3 nosotros_3_slider&#8221;][vc_column][vc_raw_html]JTVCc2xpZGVyX2hvbWUlNUQ=[\/vc_raw_html][\/vc_column][\/vc_row][vc_row el_class=&#8221;nosotros_4&#8243;][vc_column][vc_column_text]<\/p>\n<h3 style=\"text-align: center;\">Very special people<\/h3>\n<h2 style=\"text-align: center;\">NO ONE LIKE YOU<\/h2>\n<p>[\/vc_column_text][\/vc_column][\/vc_row][vc_row full_width=&#8221;stretch_row_content_no_spaces&#8221; el_class=&#8221;nosotros_5&#8243;][vc_column][vc_raw_html]JTVCc2xpZGVyX2dlbnRlJTVE[\/vc_raw_html][\/vc_column][\/vc_row][vc_row full_width=&#8221;stretch_row_content_no_spaces&#8221; el_class=&#8221;home_9 nosotros_6&#8243; css=&#8221;.vc_custom_1722509378842{background-image: url(https:\/\/www.casarufo.com\/wp-content\/uploads\/2024\/08\/menu.jpg?id=299) !important;background-position: center !important;background-repeat: no-repeat !important;background-size: cover !important;}&#8221;][vc_column][vc_column_text]<\/p>\n<h3 style=\"text-align: center;\">With Pride<\/h3>\n<h2 style=\"text-align: center;\">WE LOOK FORWARD TO WELCOMING YOU<\/h2>\n<p>[\/vc_column_text][vc_btn title=&#8221;RESERVE A TABLE&#8221; align=&#8221;center&#8221; el_class=&#8221;boton_transparente&#8221; link=&#8221;url:https%3A%2F%2Fwww.casarufo.com%2Fen%2Freservas%2F&#8221;][\/vc_column][\/vc_row]<\/p>\n<\/div>","protected":false},"excerpt":{"rendered":"<p>[vc_row el_class=&#8221;nosotros_1&#8243;][vc_column][vc_row_inner][vc_column_inner width=&#8221;1\/3&#8243;][vc_column_text] OUR STORY Jose Lu\u00eds [\/vc_column_text][\/vc_column_inner][vc_column_inner width=&#8221;1\/3&#8243;][\/vc_column_inner][vc_column_inner width=&#8221;1\/3&#8243;][\/vc_column_inner][\/vc_row_inner][vc_row_inner el_class=&#8221;nosotros_1_fotos&#8221;][vc_column_inner el_class=&#8221;nosotros_1_col1&#8243; width=&#8221;1\/3&#8243;][vc_single_image image=&#8221;107&#8243; img_size=&#8221;large&#8221; alignment=&#8221;right&#8221;][\/vc_column_inner][vc_column_inner el_class=&#8221;nosotros_1_col2&#8243; width=&#8221;1\/3&#8243;][vc_single_image image=&#8221;108&#8243; img_size=&#8221;large&#8221;][\/vc_column_inner][vc_column_inner el_class=&#8221;nosotros_1_col3&#8243; width=&#8221;1\/3&#8243;][vc_single_image image=&#8221;109&#8243; img_size=&#8221;large&#8221;][\/vc_column_inner][\/vc_row_inner][vc_row_inner][vc_column_inner width=&#8221;1\/3&#8243;][vc_column_text]Jose Luis P\u00e9rez Landeta has been at the helm of one of the most iconic restaurants in Bilbao for almost three decades. Casa Rufo is the story of several generations united [&hellip;]<\/p>\n","protected":false},"author":1,"featured_media":0,"parent":0,"menu_order":0,"comment_status":"closed","ping_status":"closed","template":"","meta":{"footnotes":""},"class_list":["post-398","page","type-page","status-publish","hentry"],"acf":[],"_links":{"self":[{"href":"https:\/\/www.casarufo.com\/en\/wp-json\/wp\/v2\/pages\/398","targetHints":{"allow":["GET"]}}],"collection":[{"href":"https:\/\/www.casarufo.com\/en\/wp-json\/wp\/v2\/pages"}],"about":[{"href":"https:\/\/www.casarufo.com\/en\/wp-json\/wp\/v2\/types\/page"}],"author":[{"embeddable":true,"href":"https:\/\/www.casarufo.com\/en\/wp-json\/wp\/v2\/users\/1"}],"replies":[{"embeddable":true,"href":"https:\/\/www.casarufo.com\/en\/wp-json\/wp\/v2\/comments?post=398"}],"version-history":[{"count":9,"href":"https:\/\/www.casarufo.com\/en\/wp-json\/wp\/v2\/pages\/398\/revisions"}],"predecessor-version":[{"id":807,"href":"https:\/\/www.casarufo.com\/en\/wp-json\/wp\/v2\/pages\/398\/revisions\/807"}],"wp:attachment":[{"href":"https:\/\/www.casarufo.com\/en\/wp-json\/wp\/v2\/media?parent=398"}],"curies":[{"name":"wp","href":"https:\/\/api.w.org\/{rel}","templated":true}]}}