{"id":364,"date":"2024-07-17T15:50:37","date_gmt":"2024-07-17T13:50:37","guid":{"rendered":"https:\/\/www.casarufo.com\/aviso-legal\/"},"modified":"2025-05-01T17:29:45","modified_gmt":"2025-05-01T15:29:45","slug":"aviso-legal","status":"publish","type":"page","link":"https:\/\/www.casarufo.com\/en\/aviso-legal\/","title":{"rendered":"Legal Advice"},"content":{"rendered":"<div class=\"wpb-content-wrapper\"><p>[vc_row css=&#8221;.vc_custom_1721224436378{margin-top: 150px !important;padding-top: 30px !important;background-color: #1c2623 !important;}&#8221; el_class=&#8221;cab_menus legales&#8221;][vc_column][vc_column_text]<\/p>\n<h1>LEGAL ADVICE<\/h1>\n<p>[\/vc_column_text][vc_column_text]<strong>\u00bfQui\u00e9n trata los datos?<\/strong><\/p>\n<p>Esta p\u00e1gina web pertenece PEREZ LANDETA, JOSE LUIS con CIF: 14882546M y domicilio en Hurtado Amezaga 5 48008, BILBAO.<\/p>\n<p>Datos de contacto:<\/p>\n<p>Mail: casarufo@casarufo.com<\/p>\n<p><strong>\u00bfCon qu\u00e9 finalidad se tratan los datos y cu\u00e1l es la base que legitima el tratamiento?<\/strong><\/p>\n<p>Esta p\u00e1gina Web recoge datos a trav\u00e9s del formulario de contacto a efectos de contestar las solicitudes de informaci\u00f3n que pueden llegar por el correo electr\u00f3nico de la organizaci\u00f3n, que pueden ser clientes potenciales o diversa informaci\u00f3n publicitaria. Si llegara alg\u00fan CV no se atender\u00e1 por esta v\u00eda y se proceder\u00e1 a su destrucci\u00f3n.<\/p>\n<p><strong>Consentimiento.<\/strong><\/p>\n<p>Se solicita un consentimiento expl\u00edcito para el tratamiento de datos del formulario web.<\/p>\n<p><strong>\u00bfCu\u00e1nto tiempo se conservan los datos? <\/strong><\/p>\n<p>Los datos se conservan en la base de datos mientras se tramita la solicitud de informaci\u00f3n que se ha recibido. El tiempo m\u00e1ximo de almacenamiento puede ser tres meses.<\/p>\n<p><strong>\u00bfQu\u00e9 derechos existen y c\u00f3mo ejercerlos? <\/strong><\/p>\n<p>Si desea ejercitar los derechos que le asisten al amparo de la legislaci\u00f3n vigente Reglamento Europeo UE 679\/2016 de 27 de Abril y LO 3\/2018 de 5 de Diciembre de Protecci\u00f3n de Datos Personales y Garant\u00eda de los derechos digitales, <strong>Derecho de Acceso, de Rectificaci\u00f3n, de Supresi\u00f3n, de Limitaci\u00f3n al Tratamiento o de Oposici\u00f3n<\/strong>, puede realizar una comunicaci\u00f3n a la direcci\u00f3n mail: casarufo@casarufo.com<\/p>\n<p><strong>\u00bfA qui\u00e9n se ceden los datos? <\/strong><\/p>\n<p>Sus datos no se ceder\u00e1n a terceros, no\u00a0 obstante para la correcta ejecuci\u00f3n de la p\u00e1gina dirpro.es, tiene contratado un hosting\u00a0<strong>Plan Hosting Base de Raiola. <\/strong><strong>Asimismo realiza un seguimiento de la p\u00e1gina Google Analytics<\/strong>: un servicio anal\u00edtico de web prestado por\u00a0<a href=\"https:\/\/www.google.com\/intl\/es\/about\/\">Google, Inc<\/a>., una compa\u00f1\u00eda de Delaware cuya oficina principal est\u00e1 en 1600 Amphitheatre Parkway, Mountain View (California), CA 94043, Estados Unidos (\u201cGoogle\u201d). Google Analytics utiliza \u201ccookies\u201d, que son archivos de texto ubicados en tu ordenador, para ayudar a\u00a0 masqueuniformes.com a analizar el uso que hacen los usuarios del sitio web. La informaci\u00f3n que genera la cookie acerca de su uso de suminis.com (incluyendo tu direcci\u00f3n IP) ser\u00e1 directamente transmitida y archivada por Google en los servidores de Estados Unidos.<\/p>\n<p><strong>\u00bfQu\u00e9 datos son obligatorios? <\/strong><\/p>\n<p>Los datos imprescindibles para ofrecer la informaci\u00f3n solicitada son Nombre y Apellidos, mail y tel\u00e9fono.<\/p>\n<p><strong>\u00bfSe toman decisiones automatizadas? <\/strong><\/p>\n<p>No se realizan decisiones automatizadas.<\/p>\n<p><strong>\u00bfSe realizan transferencias internacionales de datos? <\/strong><\/p>\n<p>No se realizan\u00a0 Transferencia Internacionales de sus datos.<\/p>\n<p><strong>Cambios en la pol\u00edtica de privacidad<\/strong><\/p>\n<p>Casa Rufo puede\u00a0 modificar la presente pol\u00edtica para adaptarla a novedades legislativas o jurisprudenciales. En dichos supuestos se anunciar\u00e1 en esta p\u00e1gina los cambios introducidos con razonable antelaci\u00f3n a su puesta en pr\u00e1ctica.[\/vc_column_text][\/vc_column][\/vc_row]<\/p>\n<\/div>","protected":false},"excerpt":{"rendered":"<p>[vc_row css=&#8221;.vc_custom_1721224436378{margin-top: 150px !important;padding-top: 30px !important;background-color: #1c2623 !important;}&#8221; el_class=&#8221;cab_menus legales&#8221;][vc_column][vc_column_text] LEGAL ADVICE [\/vc_column_text][vc_column_text]\u00bfQui\u00e9n trata los datos? Esta p\u00e1gina web pertenece PEREZ LANDETA, JOSE LUIS con CIF: 14882546M y domicilio en Hurtado Amezaga 5 48008, BILBAO. Datos de contacto: Mail: casarufo@casarufo.com \u00bfCon qu\u00e9 finalidad se tratan los datos y cu\u00e1l es la base que legitima el [&hellip;]<\/p>\n","protected":false},"author":1,"featured_media":0,"parent":0,"menu_order":0,"comment_status":"closed","ping_status":"closed","template":"","meta":{"footnotes":""},"class_list":["post-364","page","type-page","status-publish","hentry"],"acf":[],"_links":{"self":[{"href":"https:\/\/www.casarufo.com\/en\/wp-json\/wp\/v2\/pages\/364","targetHints":{"allow":["GET"]}}],"collection":[{"href":"https:\/\/www.casarufo.com\/en\/wp-json\/wp\/v2\/pages"}],"about":[{"href":"https:\/\/www.casarufo.com\/en\/wp-json\/wp\/v2\/types\/page"}],"author":[{"embeddable":true,"href":"https:\/\/www.casarufo.com\/en\/wp-json\/wp\/v2\/users\/1"}],"replies":[{"embeddable":true,"href":"https:\/\/www.casarufo.com\/en\/wp-json\/wp\/v2\/comments?post=364"}],"version-history":[{"count":4,"href":"https:\/\/www.casarufo.com\/en\/wp-json\/wp\/v2\/pages\/364\/revisions"}],"predecessor-version":[{"id":924,"href":"https:\/\/www.casarufo.com\/en\/wp-json\/wp\/v2\/pages\/364\/revisions\/924"}],"wp:attachment":[{"href":"https:\/\/www.casarufo.com\/en\/wp-json\/wp\/v2\/media?parent=364"}],"curies":[{"name":"wp","href":"https:\/\/api.w.org\/{rel}","templated":true}]}}